{"id":37,"date":"2025-12-23T18:51:23","date_gmt":"2025-12-23T18:51:23","guid":{"rendered":"https:\/\/jubiladosyjubiladasdezizurmayor.org\/?page_id=37"},"modified":"2026-03-22T06:42:06","modified_gmt":"2026-03-22T06:42:06","slug":"servicios","status":"publish","type":"page","link":"https:\/\/jubiladosyjubiladasdezizurmayor.org\/?page_id=37","title":{"rendered":"Servicios"},"content":{"rendered":"\t\t<div data-elementor-type=\"wp-page\" data-elementor-id=\"37\" class=\"elementor elementor-37\" data-elementor-post-type=\"page\">\n\t\t\t\t<div class=\"elementor-element elementor-element-79337ab3 e-flex e-con-boxed e-con e-parent\" data-id=\"79337ab3\" data-element_type=\"container\" data-settings=\"{&quot;background_background&quot;:&quot;classic&quot;}\">\n\t\t\t\t\t<div class=\"e-con-inner\">\n\t\t\t\t<div class=\"elementor-element elementor-element-194f2976 elementor-widget elementor-widget-heading\" data-id=\"194f2976\" data-element_type=\"widget\" data-widget_type=\"heading.default\">\n\t\t\t\t\t<h1 class=\"elementor-heading-title elementor-size-default\">Servicios<\/h1>\t\t\t\t<\/div>\n\t\t\t\t<div class=\"elementor-element elementor-element-47d860d6 elementor-widget-divider--view-line elementor-widget elementor-widget-divider\" data-id=\"47d860d6\" data-element_type=\"widget\" data-widget_type=\"divider.default\">\n\t\t\t\t\t\t\t<div class=\"elementor-divider\">\n\t\t\t<span class=\"elementor-divider-separator\">\n\t\t\t\t\t\t<\/span>\n\t\t<\/div>\n\t\t\t\t\t\t<\/div>\n\t\t\t\t<div class=\"elementor-element elementor-element-647280b7 elementor-widget__width-initial elementor-widget-tablet__width-initial elementor-widget elementor-widget-heading\" data-id=\"647280b7\" data-element_type=\"widget\" data-widget_type=\"heading.default\">\n\t\t\t\t\t<h5 class=\"elementor-heading-title elementor-size-default\">\"Cuidamos de ti sin salir de nuestro Club\"\n\n<\/h5>\t\t\t\t<\/div>\n\t\t\t\t<div class=\"elementor-element elementor-element-cd2fcaa elementor-widget elementor-widget-text-editor\" data-id=\"cd2fcaa\" data-element_type=\"widget\" data-widget_type=\"text-editor.default\">\n\t\t\t\t\t\t\t\t\t<p>\u00abQueremos que te sientas como en casa. Por eso, ponemos a disposici\u00f3n de todos nuestros socios y socias servicios profesionales de salud, bienestar y ocio en nuestras propias instalaciones.\u00bb<\/p>\t\t\t\t\t\t\t\t<\/div>\n\t\t\t\t\t<\/div>\n\t\t\t\t<\/div>\n\t\t<div class=\"elementor-element elementor-element-e9cf481 e-grid e-con-full e-con e-parent\" data-id=\"e9cf481\" data-element_type=\"container\" data-settings=\"{&quot;background_background&quot;:&quot;classic&quot;}\">\n\t\t<div class=\"elementor-element elementor-element-32876e2 e-con-full e-flex e-con e-child\" data-id=\"32876e2\" data-element_type=\"container\">\n\t\t\t\t<div class=\"elementor-element elementor-element-62b9e50a elementor-widget elementor-widget-heading\" data-id=\"62b9e50a\" data-element_type=\"widget\" data-widget_type=\"heading.default\">\n\t\t\t\t\t<h2 class=\"elementor-heading-title elementor-size-default\">Bar\/Restaurante<\/h2>\t\t\t\t<\/div>\n\t\t<div class=\"elementor-element elementor-element-481f545 e-grid e-con-full e-con e-child\" data-id=\"481f545\" data-element_type=\"container\">\n\t\t\t\t<div class=\"elementor-element elementor-element-2f581cb elementor-widget elementor-widget-text-editor\" data-id=\"2f581cb\" data-element_type=\"widget\" data-widget_type=\"text-editor.default\">\n\t\t\t\t\t\t\t\t\t<p><strong>MEN\u00da DEL D\u00cdA<\/strong> de Lunes a Viernes<\/p>\n<p><!-- \/wp:paragraph --><!-- wp:paragraph --><\/p>\n<ul>\n<li>Jubilados\u00a0 |\u00a0 12,50\u20ac<\/li>\n<\/ul>\n<p><!-- \/wp:paragraph --><!-- wp:paragraph --><\/p>\n<ul>\n<li><strong>No<\/strong> Jubilados\u00a0 |\u00a0 13,50\u20ac<\/li>\n<\/ul>\t\t\t\t\t\t\t\t<\/div>\n\t\t\t\t<div class=\"elementor-element elementor-element-0bbf733 elementor-widget elementor-widget-text-editor\" data-id=\"0bbf733\" data-element_type=\"widget\" data-widget_type=\"text-editor.default\">\n\t\t\t\t\t\t\t\t\t<p><strong>S\u00c1BADOS<\/strong><\/p>\n<p><!-- \/wp:paragraph --><!-- wp:paragraph --><\/p>\n<ul>\n<li>Jubilados\u00a0 |\u00a0 14,00\u20ac<\/li>\n<li><strong style=\"font-family: -apple-system, BlinkMacSystemFont, 'Segoe UI', Roboto, 'Helvetica Neue', Arial, 'Noto Sans', sans-serif, 'Apple Color Emoji', 'Segoe UI Emoji', 'Segoe UI Symbol', 'Noto Color Emoji';\">No<\/strong><span style=\"font-family: -apple-system, BlinkMacSystemFont, 'Segoe UI', Roboto, 'Helvetica Neue', Arial, 'Noto Sans', sans-serif, 'Apple Color Emoji', 'Segoe UI Emoji', 'Segoe UI Symbol', 'Noto Color Emoji';\"> Jubilados\u00a0 |\u00a0 15,00\u20ac<\/span><\/li>\n<\/ul>\t\t\t\t\t\t\t\t<\/div>\n\t\t\t\t<div class=\"elementor-element elementor-element-f174821 elementor-widget elementor-widget-text-editor\" data-id=\"f174821\" data-element_type=\"widget\" data-widget_type=\"text-editor.default\">\n\t\t\t\t\t\t\t\t\t<p><strong>MI\u00c9RCOLES Pintxo &#8211; Pote<\/strong><\/p>\n<p>Ca\u00f1ita, Rueda o Crianza |\u00a0 <strong>2,50\u20ac<\/strong><\/p>\t\t\t\t\t\t\t\t<\/div>\n\t\t\t\t<div class=\"elementor-element elementor-element-5bb328b elementor-widget elementor-widget-text-editor\" data-id=\"5bb328b\" data-element_type=\"widget\" data-widget_type=\"text-editor.default\">\n\t\t\t\t\t\t\t\t\t<p><strong>PLATOS ESTRELLA:<\/strong><\/p>\n<ul>\n<li>Asados Gorr\u00edn y Cordero<\/li>\n<li>Ajoarriero<\/li>\n<li>Manos de Cerdo<\/li>\n<li>Callos<\/li>\n<\/ul>\t\t\t\t\t\t\t\t<\/div>\n\t\t\t\t<\/div>\n\t\t\t\t<\/div>\n\t\t\t\t<div class=\"elementor-element elementor-element-460d465 elementor-arrows-position-inside elementor-pagination-position-outside elementor-widget elementor-widget-image-carousel\" data-id=\"460d465\" data-element_type=\"widget\" data-settings=\"{&quot;slides_to_show&quot;:&quot;1&quot;,&quot;autoplay_speed&quot;:3000,&quot;navigation&quot;:&quot;both&quot;,&quot;autoplay&quot;:&quot;yes&quot;,&quot;pause_on_hover&quot;:&quot;yes&quot;,&quot;pause_on_interaction&quot;:&quot;yes&quot;,&quot;infinite&quot;:&quot;yes&quot;,&quot;effect&quot;:&quot;slide&quot;,&quot;speed&quot;:500}\" data-widget_type=\"image-carousel.default\">\n\t\t\t\t\t\t\t<div class=\"elementor-image-carousel-wrapper swiper\" role=\"region\" aria-roledescription=\"carousel\" aria-label=\"Carrusel de im\u00e1genes\" dir=\"ltr\">\n\t\t\t<div class=\"elementor-image-carousel swiper-wrapper\" aria-live=\"off\">\n\t\t\t\t\t\t\t\t<div class=\"swiper-slide\" role=\"group\" aria-roledescription=\"slide\" aria-label=\"1 de 5\"><figure class=\"swiper-slide-inner\"><img decoding=\"async\" class=\"swiper-slide-image\" src=\"https:\/\/jubiladosyjubiladasdezizurmayor.org\/wp-content\/uploads\/elementor\/thumbs\/WARQS_-CLUB-JUBILADOS-ZIZUR-MAYOR-_-10-rgn1z0hy1jf902et2j0uwinw076pgopkwwzsk3isgw.jpg\" alt=\"Jorge Tellechea\" \/><\/figure><\/div><div class=\"swiper-slide\" role=\"group\" aria-roledescription=\"slide\" aria-label=\"2 de 5\"><figure class=\"swiper-slide-inner\"><img decoding=\"async\" class=\"swiper-slide-image\" src=\"https:\/\/jubiladosyjubiladasdezizurmayor.org\/wp-content\/uploads\/elementor\/thumbs\/WARQS_-CLUB-JUBILADOS-ZIZUR-MAYOR-_-09-rgn1yxofh1be18iwizsz71di81kltledwj1c49myzk.jpg\" alt=\"Jorge Tellechea\" \/><\/figure><\/div><div class=\"swiper-slide\" role=\"group\" aria-roledescription=\"slide\" aria-label=\"3 de 5\"><figure class=\"swiper-slide-inner\"><img decoding=\"async\" class=\"swiper-slide-image\" src=\"https:\/\/jubiladosyjubiladasdezizurmayor.org\/wp-content\/uploads\/elementor\/thumbs\/WhatsApp-Image-2026-02-04-at-09.32.25-ripnsqeddecyzt760owcqpd201v6l7706leql6plls.jpeg\" alt=\"WhatsApp Image 2026-02-04 at 09.32.25\" \/><\/figure><\/div><div class=\"swiper-slide\" role=\"group\" aria-roledescription=\"slide\" aria-label=\"4 de 5\"><figure class=\"swiper-slide-inner\"><img decoding=\"async\" class=\"swiper-slide-image\" src=\"https:\/\/jubiladosyjubiladasdezizurmayor.org\/wp-content\/uploads\/elementor\/thumbs\/WhatsApp-Image-2026-02-04-at-09.32.24-1-ripnsrc7k8e9bf5sv7azb74ilfqjswaqiq282go7fk.jpeg\" alt=\"WhatsApp Image 2026-02-04 at 09.32.24 (1)\" \/><\/figure><\/div><div class=\"swiper-slide\" role=\"group\" aria-roledescription=\"slide\" aria-label=\"5 de 5\"><figure class=\"swiper-slide-inner\"><img decoding=\"async\" class=\"swiper-slide-image\" src=\"https:\/\/jubiladosyjubiladasdezizurmayor.org\/wp-content\/uploads\/elementor\/thumbs\/WhatsApp-Image-2026-02-04-at-09.32.24-ripnst7vxwgtyn32k848g6nfs7ha8ai76zd710lf34.jpeg\" alt=\"WhatsApp Image 2026-02-04 at 09.32.24\" \/><\/figure><\/div>\t\t\t<\/div>\n\t\t\t\t\t\t\t\t\t\t\t\t<div class=\"elementor-swiper-button elementor-swiper-button-prev\" role=\"button\" tabindex=\"0\">\n\t\t\t\t\t\t<svg aria-hidden=\"true\" class=\"e-font-icon-svg e-eicon-chevron-left\" viewBox=\"0 0 1000 1000\" xmlns=\"http:\/\/www.w3.org\/2000\/svg\"><path d=\"M646 125C629 125 613 133 604 142L308 442C296 454 292 471 292 487 292 504 296 521 308 533L604 854C617 867 629 875 646 875 663 875 679 871 692 858 704 846 713 829 713 812 713 796 708 779 692 767L438 487 692 225C700 217 708 204 708 187 708 171 704 154 692 142 675 129 663 125 646 125Z\"><\/path><\/svg>\t\t\t\t\t<\/div>\n\t\t\t\t\t<div class=\"elementor-swiper-button elementor-swiper-button-next\" role=\"button\" tabindex=\"0\">\n\t\t\t\t\t\t<svg aria-hidden=\"true\" class=\"e-font-icon-svg e-eicon-chevron-right\" viewBox=\"0 0 1000 1000\" xmlns=\"http:\/\/www.w3.org\/2000\/svg\"><path d=\"M696 533C708 521 713 504 713 487 713 471 708 454 696 446L400 146C388 133 375 125 354 125 338 125 325 129 313 142 300 154 292 171 292 187 292 204 296 221 308 233L563 492 304 771C292 783 288 800 288 817 288 833 296 850 308 863 321 871 338 875 354 875 371 875 388 867 400 854L696 533Z\"><\/path><\/svg>\t\t\t\t\t<\/div>\n\t\t\t\t\n\t\t\t\t\t\t\t\t\t<div class=\"swiper-pagination\"><\/div>\n\t\t\t\t\t\t\t\t\t<\/div>\n\t\t\t\t\t\t<\/div>\n\t\t\t\t<\/div>\n\t\t<div class=\"elementor-element elementor-element-2d6f9f0 e-grid e-con-boxed e-con e-parent\" data-id=\"2d6f9f0\" data-element_type=\"container\">\n\t\t\t\t\t<div class=\"e-con-inner\">\n\t\t<div class=\"elementor-element elementor-element-14ab9ec5 e-con-full e-flex e-con e-child\" data-id=\"14ab9ec5\" data-element_type=\"container\">\n\t\t\t\t<div class=\"elementor-element elementor-element-17688e3d elementor-widget elementor-widget-heading\" data-id=\"17688e3d\" data-element_type=\"widget\" data-widget_type=\"heading.default\">\n\t\t\t\t\t<h2 class=\"elementor-heading-title elementor-size-default\">Fisioterapia<\/h2>\t\t\t\t<\/div>\n\t\t\t\t<div class=\"elementor-element elementor-element-78ee4bf8 elementor-widget elementor-widget-text-editor\" data-id=\"78ee4bf8\" data-element_type=\"widget\" data-widget_type=\"text-editor.default\">\n\t\t\t\t\t\t\t\t\t<p>\u00abTu salud es lo primero. Contamos con especialistas en fisioterapia para ayudarte a mantener la movilidad, tratar molestias musculares y mejorar tu bienestar f\u00edsico general.\u00bb<\/p>\t\t\t\t\t\t\t\t<\/div>\n\t\t\t\t<div class=\"elementor-element elementor-element-4d9ea94 elementor-widget elementor-widget-text-editor\" data-id=\"4d9ea94\" data-element_type=\"widget\" data-widget_type=\"text-editor.default\">\n\t\t\t\t\t\t\t\t\t<p><strong>\u00a0Lunes<\/strong> de 8:45 a 14:00h<\/p>\n<p><strong>Martes<\/strong> de 09:00 &#8211; 11:00h y de 12.30 &#8211; 13.30 h<\/p>\n<p><strong>Sesi\u00f3n : 30\u20ac<\/strong><\/p>\n<p><!-- \/wp:heading --><!-- wp:paragraph --><\/p>\n<p>Reserva y pago en Oficina<\/p>\n<p><!-- \/wp:paragraph --><!-- wp:paragraph --><\/p>\n<p>De L-V 11:00 a 13:00h<\/p>\n<p><!-- \/wp:paragraph --><\/p>\t\t\t\t\t\t\t\t<\/div>\n\t\t\t\t<div class=\"elementor-element elementor-element-781a327 elementor-widget elementor-widget-menu-anchor\" data-id=\"781a327\" data-element_type=\"widget\" data-widget_type=\"menu-anchor.default\">\n\t\t\t\t\t\t\t<div class=\"elementor-menu-anchor\" id=\"Fisioterapia\"><\/div>\n\t\t\t\t\t\t<\/div>\n\t\t\t\t<\/div>\n\t\t<div class=\"elementor-element elementor-element-19d03b2 e-con-full e-flex e-con e-child\" data-id=\"19d03b2\" data-element_type=\"container\">\n\t\t\t\t<div class=\"elementor-element elementor-element-181bc0c elementor-arrows-position-inside elementor-pagination-position-outside elementor-widget elementor-widget-image-carousel\" data-id=\"181bc0c\" data-element_type=\"widget\" data-settings=\"{&quot;slides_to_show&quot;:&quot;1&quot;,&quot;navigation&quot;:&quot;both&quot;,&quot;autoplay&quot;:&quot;yes&quot;,&quot;pause_on_hover&quot;:&quot;yes&quot;,&quot;pause_on_interaction&quot;:&quot;yes&quot;,&quot;autoplay_speed&quot;:5000,&quot;infinite&quot;:&quot;yes&quot;,&quot;effect&quot;:&quot;slide&quot;,&quot;speed&quot;:500}\" data-widget_type=\"image-carousel.default\">\n\t\t\t\t\t\t\t<div class=\"elementor-image-carousel-wrapper swiper\" role=\"region\" aria-roledescription=\"carousel\" aria-label=\"Carrusel de im\u00e1genes\" dir=\"ltr\">\n\t\t\t<div class=\"elementor-image-carousel swiper-wrapper\" aria-live=\"off\">\n\t\t\t\t\t\t\t\t<div class=\"swiper-slide\" role=\"group\" aria-roledescription=\"slide\" aria-label=\"1 de 2\"><figure class=\"swiper-slide-inner\"><img decoding=\"async\" class=\"swiper-slide-image\" src=\"https:\/\/jubiladosyjubiladasdezizurmayor.org\/wp-content\/uploads\/elementor\/thumbs\/side-view-man-helping-woman-pilates-class-scaled-rgn1yp7vrizt4qv6we5c2licvkqawbgsvd5ysrzijk.jpg\" alt=\"side-view-man-helping-woman-pilates-class\" \/><\/figure><\/div><div class=\"swiper-slide\" role=\"group\" aria-roledescription=\"slide\" aria-label=\"2 de 2\"><figure class=\"swiper-slide-inner\"><img decoding=\"async\" class=\"swiper-slide-image\" src=\"https:\/\/jubiladosyjubiladasdezizurmayor.org\/wp-content\/uploads\/elementor\/thumbs\/Fisio-jubilados-rgz9xlhc5b8zdhzhvcck07gjw6tsajsbimfmb9hwgw.jpg\" alt=\"Fisio jubilados\" \/><\/figure><\/div>\t\t\t<\/div>\n\t\t\t\t\t\t\t\t\t\t\t\t<div class=\"elementor-swiper-button elementor-swiper-button-prev\" role=\"button\" tabindex=\"0\">\n\t\t\t\t\t\t<svg aria-hidden=\"true\" class=\"e-font-icon-svg e-eicon-chevron-left\" viewBox=\"0 0 1000 1000\" xmlns=\"http:\/\/www.w3.org\/2000\/svg\"><path d=\"M646 125C629 125 613 133 604 142L308 442C296 454 292 471 292 487 292 504 296 521 308 533L604 854C617 867 629 875 646 875 663 875 679 871 692 858 704 846 713 829 713 812 713 796 708 779 692 767L438 487 692 225C700 217 708 204 708 187 708 171 704 154 692 142 675 129 663 125 646 125Z\"><\/path><\/svg>\t\t\t\t\t<\/div>\n\t\t\t\t\t<div class=\"elementor-swiper-button elementor-swiper-button-next\" role=\"button\" tabindex=\"0\">\n\t\t\t\t\t\t<svg aria-hidden=\"true\" class=\"e-font-icon-svg e-eicon-chevron-right\" viewBox=\"0 0 1000 1000\" xmlns=\"http:\/\/www.w3.org\/2000\/svg\"><path d=\"M696 533C708 521 713 504 713 487 713 471 708 454 696 446L400 146C388 133 375 125 354 125 338 125 325 129 313 142 300 154 292 171 292 187 292 204 296 221 308 233L563 492 304 771C292 783 288 800 288 817 288 833 296 850 308 863 321 871 338 875 354 875 371 875 388 867 400 854L696 533Z\"><\/path><\/svg>\t\t\t\t\t<\/div>\n\t\t\t\t\n\t\t\t\t\t\t\t\t\t<div class=\"swiper-pagination\"><\/div>\n\t\t\t\t\t\t\t\t\t<\/div>\n\t\t\t\t\t\t<\/div>\n\t\t\t\t<\/div>\n\t\t\t\t\t<\/div>\n\t\t\t\t<\/div>\n\t\t<div class=\"elementor-element elementor-element-2a84908 e-grid e-con-boxed e-con e-parent\" data-id=\"2a84908\" data-element_type=\"container\" data-settings=\"{&quot;background_background&quot;:&quot;classic&quot;}\">\n\t\t\t\t\t<div class=\"e-con-inner\">\n\t\t<div class=\"elementor-element elementor-element-162e45bf e-con-full e-flex e-con e-child\" data-id=\"162e45bf\" data-element_type=\"container\" data-settings=\"{&quot;background_background&quot;:&quot;classic&quot;}\">\n\t\t\t\t<div class=\"elementor-element elementor-element-4aa2e462 elementor-widget elementor-widget-heading\" data-id=\"4aa2e462\" data-element_type=\"widget\" data-widget_type=\"heading.default\">\n\t\t\t\t\t<h2 class=\"elementor-heading-title elementor-size-default\">Peluquer\u00eda<\/h2>\t\t\t\t<\/div>\n\t\t\t\t<div class=\"elementor-element elementor-element-5ef27139 elementor-widget elementor-widget-text-editor\" data-id=\"5ef27139\" data-element_type=\"widget\" id=\"pelu\" data-widget_type=\"text-editor.default\">\n\t\t\t\t\t\t\t\t\t<p data-path-to-node=\"4\">Un servicio profesional y cercano, pensado para el bienestar de todos nuestros <b data-path-to-node=\"4\" data-index-in-node=\"79\">jubilados, jubiladas y pensionistas<\/b>.<\/p>\n<ul data-path-to-node=\"5\">\n<li>\n<p data-path-to-node=\"5,0,0\"><b data-path-to-node=\"5,0,0\" data-index-in-node=\"0\">Cerca de ti:<\/b> Sin desplazamientos largos, con la comodidad de estar al lado de casa.<\/p>\n<\/li>\n<li>\n<p data-path-to-node=\"5,1,0\"><b data-path-to-node=\"5,1,0\" data-index-in-node=\"0\">Trato familiar:<\/b> Nos tomamos el tiempo necesario para que te sientas a gusto.<\/p>\n<\/li>\n<li>\n<p data-path-to-node=\"5,2,0\"><b data-path-to-node=\"5,2,0\" data-index-in-node=\"0\">Tu estilo, a tu ritmo:<\/b> Cortes, peinados y cuidados adaptados a lo que necesitas.<\/p>\n<\/li>\n<\/ul>\n<p>\u00a0<\/p>\t\t\t\t\t\t\t\t<\/div>\n\t\t\t\t<div class=\"elementor-element elementor-element-10eb523 elementor-widget elementor-widget-text-editor\" data-id=\"10eb523\" data-element_type=\"widget\" data-widget_type=\"text-editor.default\">\n\t\t\t\t\t\t\t\t\t<p><strong>HORARIO<\/strong><\/p>\n<p><!-- \/wp:paragraph --><!-- wp:paragraph --><\/p>\n<p>Lunes a Viernes<\/p>\n<p>Ma\u00f1anas 9:30 &#8211; 13:30h<\/p>\n<p><!-- \/wp:paragraph --><!-- wp:paragraph --><\/p>\n<p>Tardes\u00a0 16:30 &#8211; 18:30h<\/p>\n<p><!-- \/wp:paragraph --><!-- wp:paragraph --><\/p>\n<p>S\u00e1bado 9:00 &#8211; 14:00h<\/p>\n<p><!-- \/wp:paragraph --><\/p>\t\t\t\t\t\t\t\t<\/div>\n\t\t\t\t<\/div>\n\t\t\t\t<div class=\"elementor-element elementor-element-3ef8582 elementor-arrows-position-inside elementor-pagination-position-outside elementor-widget elementor-widget-image-carousel\" data-id=\"3ef8582\" data-element_type=\"widget\" data-settings=\"{&quot;slides_to_show&quot;:&quot;1&quot;,&quot;autoplay_speed&quot;:3000,&quot;navigation&quot;:&quot;both&quot;,&quot;autoplay&quot;:&quot;yes&quot;,&quot;pause_on_hover&quot;:&quot;yes&quot;,&quot;pause_on_interaction&quot;:&quot;yes&quot;,&quot;infinite&quot;:&quot;yes&quot;,&quot;effect&quot;:&quot;slide&quot;,&quot;speed&quot;:500}\" data-widget_type=\"image-carousel.default\">\n\t\t\t\t\t\t\t<div class=\"elementor-image-carousel-wrapper swiper\" role=\"region\" aria-roledescription=\"carousel\" aria-label=\"Carrusel de im\u00e1genes\" dir=\"ltr\">\n\t\t\t<div class=\"elementor-image-carousel swiper-wrapper\" aria-live=\"off\">\n\t\t\t\t\t\t\t\t<div class=\"swiper-slide\" role=\"group\" aria-roledescription=\"slide\" aria-label=\"1 de 4\"><figure class=\"swiper-slide-inner\"><img decoding=\"async\" class=\"swiper-slide-image\" src=\"https:\/\/jubiladosyjubiladasdezizurmayor.org\/wp-content\/uploads\/elementor\/thumbs\/Logo-pelu-rgzahd15uwb1ib9xgdx4xpwhkven5f94kga6lq6vmo.jpeg\" alt=\"Logo pelu\" \/><\/figure><\/div><div class=\"swiper-slide\" role=\"group\" aria-roledescription=\"slide\" aria-label=\"2 de 4\"><figure class=\"swiper-slide-inner\"><img decoding=\"async\" class=\"swiper-slide-image\" src=\"https:\/\/jubiladosyjubiladasdezizurmayor.org\/wp-content\/uploads\/elementor\/thumbs\/1767348264161-1-rhzwpkvbbyahbogzh3iubt3iubr0545c6x6locdtpc.jpg\" alt=\"1767348264161 (1)\" \/><\/figure><\/div><div class=\"swiper-slide\" role=\"group\" aria-roledescription=\"slide\" aria-label=\"3 de 4\"><figure class=\"swiper-slide-inner\"><img decoding=\"async\" class=\"swiper-slide-image\" src=\"https:\/\/jubiladosyjubiladasdezizurmayor.org\/wp-content\/uploads\/elementor\/thumbs\/1767348264168-2-rhzwrzcgspkuzszdg4wip79xhrwrt9on6t79tstlsw.jpg\" alt=\"1767348264168 (2)\" \/><\/figure><\/div><div class=\"swiper-slide\" role=\"group\" aria-roledescription=\"slide\" aria-label=\"4 de 4\"><figure class=\"swiper-slide-inner\"><img decoding=\"async\" class=\"swiper-slide-image\" src=\"https:\/\/jubiladosyjubiladasdezizurmayor.org\/wp-content\/uploads\/elementor\/thumbs\/WhatsApp-Image-2026-02-12-at-10.04.19-2-rj1terscrmg93vkuhym2kq76ee7r34mvtugcee1h9c.jpeg\" alt=\"WhatsApp Image 2026-02-12 at 10.04.19 (2)\" \/><\/figure><\/div>\t\t\t<\/div>\n\t\t\t\t\t\t\t\t\t\t\t\t<div class=\"elementor-swiper-button elementor-swiper-button-prev\" role=\"button\" tabindex=\"0\">\n\t\t\t\t\t\t<svg aria-hidden=\"true\" class=\"e-font-icon-svg e-eicon-chevron-left\" viewBox=\"0 0 1000 1000\" xmlns=\"http:\/\/www.w3.org\/2000\/svg\"><path d=\"M646 125C629 125 613 133 604 142L308 442C296 454 292 471 292 487 292 504 296 521 308 533L604 854C617 867 629 875 646 875 663 875 679 871 692 858 704 846 713 829 713 812 713 796 708 779 692 767L438 487 692 225C700 217 708 204 708 187 708 171 704 154 692 142 675 129 663 125 646 125Z\"><\/path><\/svg>\t\t\t\t\t<\/div>\n\t\t\t\t\t<div class=\"elementor-swiper-button elementor-swiper-button-next\" role=\"button\" tabindex=\"0\">\n\t\t\t\t\t\t<svg aria-hidden=\"true\" class=\"e-font-icon-svg e-eicon-chevron-right\" viewBox=\"0 0 1000 1000\" xmlns=\"http:\/\/www.w3.org\/2000\/svg\"><path d=\"M696 533C708 521 713 504 713 487 713 471 708 454 696 446L400 146C388 133 375 125 354 125 338 125 325 129 313 142 300 154 292 171 292 187 292 204 296 221 308 233L563 492 304 771C292 783 288 800 288 817 288 833 296 850 308 863 321 871 338 875 354 875 371 875 388 867 400 854L696 533Z\"><\/path><\/svg>\t\t\t\t\t<\/div>\n\t\t\t\t\n\t\t\t\t\t\t\t\t\t<div class=\"swiper-pagination\"><\/div>\n\t\t\t\t\t\t\t\t\t<\/div>\n\t\t\t\t\t\t<\/div>\n\t\t\t\t\t<\/div>\n\t\t\t\t<\/div>\n\t\t<div class=\"elementor-element elementor-element-8dcb95b e-grid e-con-boxed e-con e-parent\" data-id=\"8dcb95b\" data-element_type=\"container\">\n\t\t\t\t\t<div class=\"e-con-inner\">\n\t\t<div class=\"elementor-element elementor-element-a7a15bd e-con-full e-flex e-con e-child\" data-id=\"a7a15bd\" data-element_type=\"container\">\n\t\t\t\t<div class=\"elementor-element elementor-element-8a2f3d4 elementor-widget elementor-widget-heading\" data-id=\"8a2f3d4\" data-element_type=\"widget\" data-widget_type=\"heading.default\">\n\t\t\t\t\t<h2 class=\"elementor-heading-title elementor-size-default\">Podolog\u00eda<\/h2>\t\t\t\t<\/div>\n\t\t\t\t<div class=\"elementor-element elementor-element-4043b0d elementor-widget elementor-widget-text-editor\" data-id=\"4043b0d\" data-element_type=\"widget\" data-widget_type=\"text-editor.default\">\n\t\t\t\t\t\t\t\t\t<p>\u00abCuidamos la salud de tus pies. Un servicio profesional esencial para garantizar una pisada sana, c\u00f3moda y prevenir problemas comunes en el d\u00eda a d\u00eda.\u00bb<\/p>\t\t\t\t\t\t\t\t<\/div>\n\t\t\t\t<div class=\"elementor-element elementor-element-7b96176 elementor-widget elementor-widget-text-editor\" data-id=\"7b96176\" data-element_type=\"widget\" data-widget_type=\"text-editor.default\">\n\t\t\t\t\t\t\t\t\t<h5 class=\"wp-block-heading\"><strong>HORARIO<\/strong><\/h5>\n<p><!-- \/wp:heading --><!-- wp:heading {\"level\":6} --><\/p>\n<h6 class=\"wp-block-heading\">Martes<\/h6>\n<p><!-- \/wp:heading --><!-- wp:paragraph --><\/p>\n<p>De 16:00 &#8211; 20:00h<\/p>\n<p><strong>Sesion 21\u20ac<\/strong><\/p>\n<p><!-- \/wp:paragraph --><\/p>\t\t\t\t\t\t\t\t<\/div>\n\t\t\t\t<\/div>\n\t\t<div class=\"elementor-element elementor-element-5c7ad4c e-con-full e-flex e-con e-child\" data-id=\"5c7ad4c\" data-element_type=\"container\">\n\t\t\t\t<div class=\"elementor-element elementor-element-588548f elementor-arrows-position-inside elementor-pagination-position-outside elementor-widget elementor-widget-image-carousel\" data-id=\"588548f\" data-element_type=\"widget\" data-settings=\"{&quot;slides_to_show&quot;:&quot;1&quot;,&quot;navigation&quot;:&quot;both&quot;,&quot;autoplay&quot;:&quot;yes&quot;,&quot;pause_on_hover&quot;:&quot;yes&quot;,&quot;pause_on_interaction&quot;:&quot;yes&quot;,&quot;autoplay_speed&quot;:5000,&quot;infinite&quot;:&quot;yes&quot;,&quot;effect&quot;:&quot;slide&quot;,&quot;speed&quot;:500}\" data-widget_type=\"image-carousel.default\">\n\t\t\t\t\t\t\t<div class=\"elementor-image-carousel-wrapper swiper\" role=\"region\" aria-roledescription=\"carousel\" aria-label=\"Carrusel de im\u00e1genes\" dir=\"ltr\">\n\t\t\t<div class=\"elementor-image-carousel swiper-wrapper\" aria-live=\"off\">\n\t\t\t\t\t\t\t\t<div class=\"swiper-slide\" role=\"group\" aria-roledescription=\"slide\" aria-label=\"1 de 1\"><figure class=\"swiper-slide-inner\"><img decoding=\"async\" class=\"swiper-slide-image\" src=\"https:\/\/jubiladosyjubiladasdezizurmayor.org\/wp-content\/uploads\/elementor\/thumbs\/osteopathist-treating-patient-his-feet-scaled-rgn1yevnoclnl1a7kroft64acc59jnbr5xzmiqeug0.jpg\" alt=\"osteopathist-treating-patient-his-feet\" \/><\/figure><\/div>\t\t\t<\/div>\n\t\t\t\t\t<\/div>\n\t\t\t\t\t\t<\/div>\n\t\t\t\t<\/div>\n\t\t\t\t\t<\/div>\n\t\t\t\t<\/div>\n\t\t<div class=\"elementor-element elementor-element-9620dd0 e-flex e-con-boxed e-con e-parent\" data-id=\"9620dd0\" data-element_type=\"container\">\n\t\t\t\t\t<div class=\"e-con-inner\">\n\t\t\t\t<div class=\"elementor-element elementor-element-19036a0 elementor-widget elementor-widget-menu-anchor\" data-id=\"19036a0\" data-element_type=\"widget\" data-widget_type=\"menu-anchor.default\">\n\t\t\t\t\t\t\t<div class=\"elementor-menu-anchor\" id=\"BarRestaurante\"><\/div>\n\t\t\t\t\t\t<\/div>\n\t\t\t\t\t<\/div>\n\t\t\t\t<\/div>\n\t\t\t\t<\/div>\n\t\t","protected":false},"excerpt":{"rendered":"<p>Servicios \u00abCuidamos de ti sin salir de nuestro Club\u00bb \u00abQueremos que te sientas como en casa. Por eso, ponemos a disposici\u00f3n de todos nuestros socios y socias servicios profesionales de salud, bienestar y ocio en nuestras propias instalaciones.\u00bb Bar\/Restaurante MEN\u00da DEL D\u00cdA de Lunes a Viernes Jubilados\u00a0 |\u00a0 12,50\u20ac No Jubilados\u00a0 |\u00a0 13,50\u20ac S\u00c1BADOS Jubilados\u00a0 [&hellip;]<\/p>\n","protected":false},"author":1,"featured_media":40,"parent":0,"menu_order":0,"comment_status":"closed","ping_status":"closed","template":"elementor_header_footer","meta":{"footnotes":""},"class_list":["post-37","page","type-page","status-publish","has-post-thumbnail","hentry"],"_links":{"self":[{"href":"https:\/\/jubiladosyjubiladasdezizurmayor.org\/index.php?rest_route=\/wp\/v2\/pages\/37","targetHints":{"allow":["GET"]}}],"collection":[{"href":"https:\/\/jubiladosyjubiladasdezizurmayor.org\/index.php?rest_route=\/wp\/v2\/pages"}],"about":[{"href":"https:\/\/jubiladosyjubiladasdezizurmayor.org\/index.php?rest_route=\/wp\/v2\/types\/page"}],"author":[{"embeddable":true,"href":"https:\/\/jubiladosyjubiladasdezizurmayor.org\/index.php?rest_route=\/wp\/v2\/users\/1"}],"replies":[{"embeddable":true,"href":"https:\/\/jubiladosyjubiladasdezizurmayor.org\/index.php?rest_route=%2Fwp%2Fv2%2Fcomments&post=37"}],"version-history":[{"count":165,"href":"https:\/\/jubiladosyjubiladasdezizurmayor.org\/index.php?rest_route=\/wp\/v2\/pages\/37\/revisions"}],"predecessor-version":[{"id":2073,"href":"https:\/\/jubiladosyjubiladasdezizurmayor.org\/index.php?rest_route=\/wp\/v2\/pages\/37\/revisions\/2073"}],"wp:featuredmedia":[{"embeddable":true,"href":"https:\/\/jubiladosyjubiladasdezizurmayor.org\/index.php?rest_route=\/wp\/v2\/media\/40"}],"wp:attachment":[{"href":"https:\/\/jubiladosyjubiladasdezizurmayor.org\/index.php?rest_route=%2Fwp%2Fv2%2Fmedia&parent=37"}],"curies":[{"name":"wp","href":"https:\/\/api.w.org\/{rel}","templated":true}]}}