{"id":1806,"date":"2026-03-03T16:06:58","date_gmt":"2026-03-03T16:06:58","guid":{"rendered":"https:\/\/jubiladosyjubiladasdezizurmayor.org\/?page_id=1806"},"modified":"2026-03-03T17:06:59","modified_gmt":"2026-03-03T17:06:59","slug":"nuestras-cronicas","status":"publish","type":"page","link":"https:\/\/jubiladosyjubiladasdezizurmayor.org\/?page_id=1806","title":{"rendered":"Nuestras Cr\u00f3nicas"},"content":{"rendered":"\t\t<div data-elementor-type=\"wp-page\" data-elementor-id=\"1806\" class=\"elementor elementor-1806\" data-elementor-post-type=\"page\">\n\t\t\t\t<div class=\"elementor-element elementor-element-22bb738 e-flex e-con-boxed e-con e-parent\" data-id=\"22bb738\" data-element_type=\"container\" data-settings=\"{&quot;background_background&quot;:&quot;classic&quot;}\">\n\t\t\t\t\t<div class=\"e-con-inner\">\n\t\t\t\t<div class=\"elementor-element elementor-element-8a3407d elementor-widget elementor-widget-heading\" data-id=\"8a3407d\" data-element_type=\"widget\" data-widget_type=\"heading.default\">\n\t\t\t\t\t<h2 class=\"elementor-heading-title elementor-size-default\">\"Nuestras Cr\u00f3nicas y Salidas\"<\/h2>\t\t\t\t<\/div>\n\t\t\t\t<div class=\"elementor-element elementor-element-4b62a83 elementor-grid-3 elementor-grid-tablet-2 elementor-grid-mobile-1 elementor-posts--thumbnail-top elementor-widget elementor-widget-posts\" data-id=\"4b62a83\" data-element_type=\"widget\" data-settings=\"{&quot;classic_columns&quot;:&quot;3&quot;,&quot;classic_columns_tablet&quot;:&quot;2&quot;,&quot;classic_columns_mobile&quot;:&quot;1&quot;,&quot;classic_row_gap&quot;:{&quot;unit&quot;:&quot;px&quot;,&quot;size&quot;:35,&quot;sizes&quot;:[]},&quot;classic_row_gap_tablet&quot;:{&quot;unit&quot;:&quot;px&quot;,&quot;size&quot;:&quot;&quot;,&quot;sizes&quot;:[]},&quot;classic_row_gap_mobile&quot;:{&quot;unit&quot;:&quot;px&quot;,&quot;size&quot;:&quot;&quot;,&quot;sizes&quot;:[]}}\" data-widget_type=\"posts.classic\">\n\t\t\t\t<div class=\"elementor-widget-container\">\n\t\t\t\t\t\t\t<div class=\"elementor-posts-container elementor-posts elementor-posts--skin-classic elementor-grid\" role=\"list\">\n\t\t\t\t<article class=\"elementor-post elementor-grid-item post-2214 post type-post status-publish format-standard has-post-thumbnail hentry category-blog\" role=\"listitem\">\n\t\t\t\t<a class=\"elementor-post__thumbnail__link\" href=\"https:\/\/jubiladosyjubiladasdezizurmayor.org\/?p=2214\" tabindex=\"-1\" >\n\t\t\t<div class=\"elementor-post__thumbnail\"><img fetchpriority=\"high\" decoding=\"async\" width=\"300\" height=\"199\" src=\"https:\/\/jubiladosyjubiladasdezizurmayor.org\/wp-content\/uploads\/2026\/03\/La-Trinchera-300x199.jpg\" class=\"attachment-medium size-medium wp-image-2201\" alt=\"\" srcset=\"https:\/\/jubiladosyjubiladasdezizurmayor.org\/wp-content\/uploads\/2026\/03\/La-Trinchera-300x199.jpg 300w, https:\/\/jubiladosyjubiladasdezizurmayor.org\/wp-content\/uploads\/2026\/03\/La-Trinchera.jpg 644w\" sizes=\"(max-width: 300px) 100vw, 300px\" \/><\/div>\n\t\t<\/a>\n\t\t\t\t<div class=\"elementor-post__text\">\n\t\t\t\t<div class=\"elementor-post__meta-data\">\n\t\t\t\t\t<span class=\"elementor-post-date\">\n\t\t\tmarzo 31, 2026\t\t<\/span>\n\t\t\t\t<\/div>\n\t\t\t\t<div class=\"elementor-post__excerpt\">\n\t\t\t<p>El pr\u00f3ximo Mi\u00e9rcoles 13 de Mayo, nos vamos de viaje para descubrir nuestros or\u00edgenes y disfrutar de lo mejor de Castilla. \u00bfQu\u00e9 haremos en este<\/p>\n\t\t<\/div>\n\t\t\n\t\t<a class=\"elementor-post__read-more\" href=\"https:\/\/jubiladosyjubiladasdezizurmayor.org\/?p=2214\" aria-label=\"M\u00e1s informaci\u00f3n sobre \u00a1Nueva Excursi\u00f3n! Destino: Atapuerca y Burgos \ud83e\uddb4\ud83c\udff0\" tabindex=\"-1\" >\n\t\t\tLeer m\u00e1s \u00bb\t\t<\/a>\n\n\t\t\t\t<\/div>\n\t\t\t\t<\/article>\n\t\t\t\t<article class=\"elementor-post elementor-grid-item post-2172 post type-post status-publish format-standard has-post-thumbnail hentry category-blog\" role=\"listitem\">\n\t\t\t\t<a class=\"elementor-post__thumbnail__link\" href=\"https:\/\/jubiladosyjubiladasdezizurmayor.org\/?p=2172\" tabindex=\"-1\" >\n\t\t\t<div class=\"elementor-post__thumbnail\"><img decoding=\"async\" width=\"300\" height=\"225\" src=\"https:\/\/jubiladosyjubiladasdezizurmayor.org\/wp-content\/uploads\/2026\/03\/4-Murallas-1-300x225.jpg\" class=\"attachment-medium size-medium wp-image-2173\" alt=\"\" srcset=\"https:\/\/jubiladosyjubiladasdezizurmayor.org\/wp-content\/uploads\/2026\/03\/4-Murallas-1-300x225.jpg 300w, https:\/\/jubiladosyjubiladasdezizurmayor.org\/wp-content\/uploads\/2026\/03\/4-Murallas-1-1024x768.jpg 1024w, https:\/\/jubiladosyjubiladasdezizurmayor.org\/wp-content\/uploads\/2026\/03\/4-Murallas-1-768x576.jpg 768w, https:\/\/jubiladosyjubiladasdezizurmayor.org\/wp-content\/uploads\/2026\/03\/4-Murallas-1-1536x1152.jpg 1536w, https:\/\/jubiladosyjubiladasdezizurmayor.org\/wp-content\/uploads\/2026\/03\/4-Murallas-1-2048x1536.jpg 2048w\" sizes=\"(max-width: 300px) 100vw, 300px\" \/><\/div>\n\t\t<\/a>\n\t\t\t\t<div class=\"elementor-post__text\">\n\t\t\t\t<div class=\"elementor-post__meta-data\">\n\t\t\t\t\t<span class=\"elementor-post-date\">\n\t\t\tmarzo 30, 2026\t\t<\/span>\n\t\t\t\t<\/div>\n\t\t\t\t<div class=\"elementor-post__excerpt\">\n\t\t\t<p>\u00ab\u00a1Ya hemos vuelto de las Murallas! \u00a0 VISITA GUIADA: \u00abPamplona y sus Murallas\u00bb \u00a0 Los Secretos de la Pamplona Fortificada: Cr\u00f3nica de una Doble Jornada<\/p>\n\t\t<\/div>\n\t\t\n\t\t<a class=\"elementor-post__read-more\" href=\"https:\/\/jubiladosyjubiladasdezizurmayor.org\/?p=2172\" aria-label=\"M\u00e1s informaci\u00f3n sobre \u00ab\u00a1Ya hemos vuelto de las Murallas!\" tabindex=\"-1\" >\n\t\t\tLeer m\u00e1s \u00bb\t\t<\/a>\n\n\t\t\t\t<\/div>\n\t\t\t\t<\/article>\n\t\t\t\t<article class=\"elementor-post elementor-grid-item post-1955 post type-post status-publish format-standard has-post-thumbnail hentry category-blog\" role=\"listitem\">\n\t\t\t\t<a class=\"elementor-post__thumbnail__link\" href=\"https:\/\/jubiladosyjubiladasdezizurmayor.org\/?p=1955\" tabindex=\"-1\" >\n\t\t\t<div class=\"elementor-post__thumbnail\"><img decoding=\"async\" width=\"300\" height=\"225\" src=\"https:\/\/jubiladosyjubiladasdezizurmayor.org\/wp-content\/uploads\/2026\/03\/WhatsApp-Image-2026-03-16-at-19.07.02-2-300x225.jpeg\" class=\"attachment-medium size-medium wp-image-2136\" alt=\"\" srcset=\"https:\/\/jubiladosyjubiladasdezizurmayor.org\/wp-content\/uploads\/2026\/03\/WhatsApp-Image-2026-03-16-at-19.07.02-2-300x225.jpeg 300w, https:\/\/jubiladosyjubiladasdezizurmayor.org\/wp-content\/uploads\/2026\/03\/WhatsApp-Image-2026-03-16-at-19.07.02-2-1024x768.jpeg 1024w, https:\/\/jubiladosyjubiladasdezizurmayor.org\/wp-content\/uploads\/2026\/03\/WhatsApp-Image-2026-03-16-at-19.07.02-2-768x576.jpeg 768w, https:\/\/jubiladosyjubiladasdezizurmayor.org\/wp-content\/uploads\/2026\/03\/WhatsApp-Image-2026-03-16-at-19.07.02-2-1536x1152.jpeg 1536w, https:\/\/jubiladosyjubiladasdezizurmayor.org\/wp-content\/uploads\/2026\/03\/WhatsApp-Image-2026-03-16-at-19.07.02-2.jpeg 1600w\" sizes=\"(max-width: 300px) 100vw, 300px\" \/><\/div>\n\t\t<\/a>\n\t\t\t\t<div class=\"elementor-post__text\">\n\t\t\t\t<div class=\"elementor-post__meta-data\">\n\t\t\t\t\t<span class=\"elementor-post-date\">\n\t\t\tmarzo 22, 2026\t\t<\/span>\n\t\t\t\t<\/div>\n\t\t\t\t<div class=\"elementor-post__excerpt\">\n\t\t\t<p>Nuestra aventura por Teruel, Albarrac\u00edn y Cuenca \u00abDel 8 al 13 de marzo, los socios de nuestro Club disfrutamos de una ruta inolvidable. Desde el<\/p>\n\t\t<\/div>\n\t\t\n\t\t<a class=\"elementor-post__read-more\" href=\"https:\/\/jubiladosyjubiladasdezizurmayor.org\/?p=1955\" aria-label=\"M\u00e1s informaci\u00f3n sobre \u00abNuestra aventura por Teruel, Albarrac\u00edn y Cuenca\u00bb\" tabindex=\"-1\" >\n\t\t\tLeer m\u00e1s \u00bb\t\t<\/a>\n\n\t\t\t\t<\/div>\n\t\t\t\t<\/article>\n\t\t\t\t<article class=\"elementor-post elementor-grid-item post-1990 post type-post status-publish format-standard has-post-thumbnail hentry category-blog\" role=\"listitem\">\n\t\t\t\t<a class=\"elementor-post__thumbnail__link\" href=\"https:\/\/jubiladosyjubiladasdezizurmayor.org\/?p=1990\" tabindex=\"-1\" >\n\t\t\t<div class=\"elementor-post__thumbnail\"><img loading=\"lazy\" decoding=\"async\" width=\"300\" height=\"225\" src=\"https:\/\/jubiladosyjubiladasdezizurmayor.org\/wp-content\/uploads\/2026\/03\/IMG_20260318_161048-300x225.jpg\" class=\"attachment-medium size-medium wp-image-1983\" alt=\"\" srcset=\"https:\/\/jubiladosyjubiladasdezizurmayor.org\/wp-content\/uploads\/2026\/03\/IMG_20260318_161048-300x225.jpg 300w, https:\/\/jubiladosyjubiladasdezizurmayor.org\/wp-content\/uploads\/2026\/03\/IMG_20260318_161048-1024x768.jpg 1024w, https:\/\/jubiladosyjubiladasdezizurmayor.org\/wp-content\/uploads\/2026\/03\/IMG_20260318_161048-768x576.jpg 768w, https:\/\/jubiladosyjubiladasdezizurmayor.org\/wp-content\/uploads\/2026\/03\/IMG_20260318_161048-1536x1152.jpg 1536w, https:\/\/jubiladosyjubiladasdezizurmayor.org\/wp-content\/uploads\/2026\/03\/IMG_20260318_161048-2048x1536.jpg 2048w\" sizes=\"(max-width: 300px) 100vw, 300px\" \/><\/div>\n\t\t<\/a>\n\t\t\t\t<div class=\"elementor-post__text\">\n\t\t\t\t<div class=\"elementor-post__meta-data\">\n\t\t\t\t\t<span class=\"elementor-post-date\">\n\t\t\tmarzo 20, 2026\t\t<\/span>\n\t\t\t\t<\/div>\n\t\t\t\t<div class=\"elementor-post__excerpt\">\n\t\t\t<p>\ud83d\udcf8 CR\u00d3NICA : VIAJE A TARAZONA &#8211; 2026 UN D\u00cdA DE POSTAL RUMBO A TARAZONA \ud83c\udfd4\ufe0f\u2600\ufe0f El pasado Mi\u00e9rcoles 18 de Marzo, salimos de Zizur<\/p>\n\t\t<\/div>\n\t\t\n\t\t<a class=\"elementor-post__read-more\" href=\"https:\/\/jubiladosyjubiladasdezizurmayor.org\/?p=1990\" aria-label=\"M\u00e1s informaci\u00f3n sobre \ud83d\udcf8 CR\u00d3NICA: VIAJE A TARAZONA\" tabindex=\"-1\" >\n\t\t\tLeer m\u00e1s \u00bb\t\t<\/a>\n\n\t\t\t\t<\/div>\n\t\t\t\t<\/article>\n\t\t\t\t<article class=\"elementor-post elementor-grid-item post-1882 post type-post status-publish format-standard has-post-thumbnail hentry category-blog\" role=\"listitem\">\n\t\t\t\t<a class=\"elementor-post__thumbnail__link\" href=\"https:\/\/jubiladosyjubiladasdezizurmayor.org\/?p=1882\" tabindex=\"-1\" >\n\t\t\t<div class=\"elementor-post__thumbnail\"><img loading=\"lazy\" decoding=\"async\" width=\"300\" height=\"169\" src=\"https:\/\/jubiladosyjubiladasdezizurmayor.org\/wp-content\/uploads\/2026\/02\/Murallas-2-300x169.jpg\" class=\"attachment-medium size-medium wp-image-1475\" alt=\"\" srcset=\"https:\/\/jubiladosyjubiladasdezizurmayor.org\/wp-content\/uploads\/2026\/02\/Murallas-2-300x169.jpg 300w, https:\/\/jubiladosyjubiladasdezizurmayor.org\/wp-content\/uploads\/2026\/02\/Murallas-2-768x431.jpg 768w, https:\/\/jubiladosyjubiladasdezizurmayor.org\/wp-content\/uploads\/2026\/02\/Murallas-2.jpg 890w\" sizes=\"(max-width: 300px) 100vw, 300px\" \/><\/div>\n\t\t<\/a>\n\t\t\t\t<div class=\"elementor-post__text\">\n\t\t\t\t<div class=\"elementor-post__meta-data\">\n\t\t\t\t\t<span class=\"elementor-post-date\">\n\t\t\tmarzo 11, 2026\t\t<\/span>\n\t\t\t\t<\/div>\n\t\t\t\t<div class=\"elementor-post__excerpt\">\n\t\t\t<p>\ud83c\udff0 Visita a las Murallas de Pamplona: \u00a1PLAZAS COMPLETAS! \u00a1Incre\u00edble respuesta! Debido a la gran demanda, hemos completado las 80 plazas disponibles para las visitas<\/p>\n\t\t<\/div>\n\t\t\n\t\t<a class=\"elementor-post__read-more\" href=\"https:\/\/jubiladosyjubiladasdezizurmayor.org\/?p=1882\" aria-label=\"M\u00e1s informaci\u00f3n sobre MURALLAS DE PAMPLONA\" tabindex=\"-1\" >\n\t\t\tLeer m\u00e1s \u00bb\t\t<\/a>\n\n\t\t\t\t<\/div>\n\t\t\t\t<\/article>\n\t\t\t\t<article class=\"elementor-post elementor-grid-item post-1755 post type-post status-publish format-standard has-post-thumbnail hentry category-blog\" role=\"listitem\">\n\t\t\t\t<a class=\"elementor-post__thumbnail__link\" href=\"https:\/\/jubiladosyjubiladasdezizurmayor.org\/?p=1755\" tabindex=\"-1\" >\n\t\t\t<div class=\"elementor-post__thumbnail\"><img loading=\"lazy\" decoding=\"async\" width=\"300\" height=\"200\" src=\"https:\/\/jubiladosyjubiladasdezizurmayor.org\/wp-content\/uploads\/2026\/03\/DSC_0014-copia-Pequeno-1-300x200.jpg\" class=\"attachment-medium size-medium wp-image-1785\" alt=\"\" srcset=\"https:\/\/jubiladosyjubiladasdezizurmayor.org\/wp-content\/uploads\/2026\/03\/DSC_0014-copia-Pequeno-1-300x200.jpg 300w, https:\/\/jubiladosyjubiladasdezizurmayor.org\/wp-content\/uploads\/2026\/03\/DSC_0014-copia-Pequeno-1.jpg 720w\" sizes=\"(max-width: 300px) 100vw, 300px\" \/><\/div>\n\t\t<\/a>\n\t\t\t\t<div class=\"elementor-post__text\">\n\t\t\t\t<div class=\"elementor-post__meta-data\">\n\t\t\t\t\t<span class=\"elementor-post-date\">\n\t\t\tmarzo 3, 2026\t\t<\/span>\n\t\t\t\t<\/div>\n\t\t\t\t<div class=\"elementor-post__excerpt\">\n\t\t\t<p>\ud83d\udcf8 CR\u00d3NICA: TULEBRAS, MURCHANTE Y CORTES \u00abUn viaje esperado por todos que super\u00f3 todas las expectativas, batiendo r\u00e9cords de asistencia en nuestro club.\u00bb Jornadas del<\/p>\n\t\t<\/div>\n\t\t\n\t\t<a class=\"elementor-post__read-more\" href=\"https:\/\/jubiladosyjubiladasdezizurmayor.org\/?p=1755\" aria-label=\"M\u00e1s informaci\u00f3n sobre \ud83d\udcf8 CR\u00d3NICA: TULEBRAS, MURCHANTE Y CORTES\" tabindex=\"-1\" >\n\t\t\tLeer m\u00e1s \u00bb\t\t<\/a>\n\n\t\t\t\t<\/div>\n\t\t\t\t<\/article>\n\t\t\t\t<\/div>\n\t\t\n\t\t\t\t\t\t<\/div>\n\t\t\t\t<\/div>\n\t\t\t\t\t<\/div>\n\t\t\t\t<\/div>\n\t\t\t\t<\/div>\n\t\t","protected":false},"excerpt":{"rendered":"<p>\u00abNuestras Cr\u00f3nicas y Salidas\u00bb<\/p>\n","protected":false},"author":1,"featured_media":0,"parent":0,"menu_order":0,"comment_status":"closed","ping_status":"closed","template":"","meta":{"footnotes":""},"class_list":["post-1806","page","type-page","status-publish","hentry"],"_links":{"self":[{"href":"https:\/\/jubiladosyjubiladasdezizurmayor.org\/index.php?rest_route=\/wp\/v2\/pages\/1806","targetHints":{"allow":["GET"]}}],"collection":[{"href":"https:\/\/jubiladosyjubiladasdezizurmayor.org\/index.php?rest_route=\/wp\/v2\/pages"}],"about":[{"href":"https:\/\/jubiladosyjubiladasdezizurmayor.org\/index.php?rest_route=\/wp\/v2\/types\/page"}],"author":[{"embeddable":true,"href":"https:\/\/jubiladosyjubiladasdezizurmayor.org\/index.php?rest_route=\/wp\/v2\/users\/1"}],"replies":[{"embeddable":true,"href":"https:\/\/jubiladosyjubiladasdezizurmayor.org\/index.php?rest_route=%2Fwp%2Fv2%2Fcomments&post=1806"}],"version-history":[{"count":10,"href":"https:\/\/jubiladosyjubiladasdezizurmayor.org\/index.php?rest_route=\/wp\/v2\/pages\/1806\/revisions"}],"predecessor-version":[{"id":1820,"href":"https:\/\/jubiladosyjubiladasdezizurmayor.org\/index.php?rest_route=\/wp\/v2\/pages\/1806\/revisions\/1820"}],"wp:attachment":[{"href":"https:\/\/jubiladosyjubiladasdezizurmayor.org\/index.php?rest_route=%2Fwp%2Fv2%2Fmedia&parent=1806"}],"curies":[{"name":"wp","href":"https:\/\/api.w.org\/{rel}","templated":true}]}}