{"id":1112,"date":"2026-01-25T21:18:31","date_gmt":"2026-01-25T21:18:31","guid":{"rendered":"https:\/\/jubiladosyjubiladasdezizurmayor.org\/?page_id=1112"},"modified":"2026-03-22T06:45:48","modified_gmt":"2026-03-22T06:45:48","slug":"visitas-guiadas","status":"publish","type":"page","link":"https:\/\/jubiladosyjubiladasdezizurmayor.org\/?page_id=1112","title":{"rendered":"Murallas de Pamplona"},"content":{"rendered":"\t\t<div data-elementor-type=\"wp-page\" data-elementor-id=\"1112\" class=\"elementor elementor-1112\" data-elementor-post-type=\"page\">\n\t\t\t\t<div class=\"elementor-element elementor-element-4a72366b e-flex e-con-boxed e-con e-parent\" data-id=\"4a72366b\" data-element_type=\"container\">\n\t\t\t\t\t<div class=\"e-con-inner\">\n\t\t\t\t<div class=\"elementor-element elementor-element-4c8d4d32 elementor-widget elementor-widget-heading\" data-id=\"4c8d4d32\" data-element_type=\"widget\" data-widget_type=\"heading.default\">\n\t\t\t\t\t<h2 class=\"elementor-heading-title elementor-size-default\">VISITAS GUIADAS 2026<\/h2>\t\t\t\t<\/div>\n\t\t\t\t\t<\/div>\n\t\t\t\t<\/div>\n\t\t<div class=\"elementor-element elementor-element-28d156f5 e-flex e-con-boxed e-con e-parent\" data-id=\"28d156f5\" data-element_type=\"container\">\n\t\t\t\t\t<div class=\"e-con-inner\">\n\t\t<div class=\"elementor-element elementor-element-403bbccb e-con-full e-flex e-con e-child\" data-id=\"403bbccb\" data-element_type=\"container\">\n\t\t\t\t<div class=\"elementor-element elementor-element-80b6289 elementor-widget elementor-widget-heading\" data-id=\"80b6289\" data-element_type=\"widget\" data-widget_type=\"heading.default\">\n\t\t\t\t\t<h2 class=\"elementor-heading-title elementor-size-default\">Murallas de Pamplona.<\/h2>\t\t\t\t<\/div>\n\t\t\t\t<\/div>\n\t\t\t\t\t<\/div>\n\t\t\t\t<\/div>\n\t\t<div class=\"elementor-element elementor-element-50072d2 e-flex e-con-boxed e-con e-parent\" data-id=\"50072d2\" data-element_type=\"container\">\n\t\t\t\t\t<div class=\"e-con-inner\">\n\t\t<div class=\"elementor-element elementor-element-9303f22 e-con-full e-flex e-con e-child\" data-id=\"9303f22\" data-element_type=\"container\">\n\t\t\t\t<div class=\"elementor-element elementor-element-86a7473 elementor-widget elementor-widget-text-editor\" data-id=\"86a7473\" data-element_type=\"widget\" data-widget_type=\"text-editor.default\">\n\t\t\t\t\t\t\t\t\t<h1 data-path-to-node=\"3\">\ud83c\udff0 VISITA GUIADA: \u00abPamplona y sus Murallas\u00bb<\/h1><p data-path-to-node=\"4\">\u00a1Hola a todos y todas! \ud83d\udc4b<\/p><p data-path-to-node=\"5\">Os presentamos una de las actividades m\u00e1s especiales de este trimestre para el pr\u00f3ximo <b data-path-to-node=\"5\" data-index-in-node=\"87\">25 y 26 de Marzo<\/b>. Realizaremos una visita con una gu\u00eda oficial que nos conducir\u00e1 por el conjunto fortificado de nuestra ciudad.<\/p><p data-path-to-node=\"6\">Lo m\u00e1s destacado es que, gracias a las gestiones realizadas, tendremos acceso a <b data-path-to-node=\"6\" data-index-in-node=\"80\">lugares que normalmente est\u00e1n cerrados al p\u00fablico<\/b> \ud83d\udddd\ufe0f, lo que hace de esta una oportunidad \u00fanica.<\/p><hr data-path-to-node=\"7\" \/><h3 data-path-to-node=\"8\">\ud83d\udccd PUNTO DE ENCUENTRO<\/h3><ul data-path-to-node=\"9\"><li><p data-path-to-node=\"9,0,0\"><b data-path-to-node=\"9,0,0\" data-index-in-node=\"0\">Hora:<\/b> 10:00 h.<\/p><\/li><li><p data-path-to-node=\"9,1,0\"><b data-path-to-node=\"2,0\" data-index-in-node=\"0\">Punto de encuentro:<\/b> Cervecer\u00eda Txirrintxa, n\u00famero 87 (Junto a Telef\u00f3nica).<\/p><\/li><\/ul><hr data-path-to-node=\"10\" \/><h3 data-path-to-node=\"11\">\ud83d\udcdd INSCRIPCIONES Y PRECIO<\/h3><ul data-path-to-node=\"12\"><li><p data-path-to-node=\"12,0,0\"><b data-path-to-node=\"12,0,0\" data-index-in-node=\"0\">Inicio:<\/b> 16 de Marzo.<\/p><\/li><li><p data-path-to-node=\"12,1,0\"><b data-path-to-node=\"12,1,0\" data-index-in-node=\"0\">Lugar:<\/b> En la oficina del Club.<\/p><\/li><li><p data-path-to-node=\"12,2,0\"><b data-path-to-node=\"12,2,0\" data-index-in-node=\"0\">Horario:<\/b> De 11:00 h a 13:00 h.<\/p><\/li><li><p data-path-to-node=\"12,3,0\"><b data-path-to-node=\"12,3,0\" data-index-in-node=\"0\">Precio:<\/b> <b data-path-to-node=\"12,3,0\" data-index-in-node=\"8\">2 \u20ac<\/b> por persona.<\/p><\/li><li><p data-path-to-node=\"12,4,0\"><b data-path-to-node=\"12,4,0\" data-index-in-node=\"0\">Plazas:<\/b> Limitadas a <b data-path-to-node=\"12,4,0\" data-index-in-node=\"20\">40 personas cada d\u00eda.<\/b><\/p><\/li><\/ul><hr data-path-to-node=\"13\" \/><h3 data-path-to-node=\"14\">\u26a0\ufe0f INFORMACI\u00d3N PR\u00c1CTICA<\/h3><ul data-path-to-node=\"15\"><li><p data-path-to-node=\"15,0,0\"><b data-path-to-node=\"15,0,0\" data-index-in-node=\"0\">Duraci\u00f3n:<\/b> Entre 2h y 2h 30min (recorrido \u00edntegramente a pie).<\/p><\/li><li><p data-path-to-node=\"15,1,0\"><b data-path-to-node=\"15,1,0\" data-index-in-node=\"0\">Calzado:<\/b> Es imprescindible llevar calzado adecuado y c\u00f3modo.<\/p><\/li><\/ul><hr data-path-to-node=\"16\" \/><h3 data-path-to-node=\"17\">\ud83d\uddfa\ufe0f LUGARES PREVISTOS EN EL RECORRIDO<\/h3><p data-path-to-node=\"18\">Para que sea lo m\u00e1s c\u00f3modo posible, el orden lo marcar\u00e1 la gu\u00eda, pero visitaremos:<\/p><ul data-path-to-node=\"19\"><li><p data-path-to-node=\"19,0,0\">\ud83c\udf09 Puente de La Magdalena.<\/p><\/li><li><p data-path-to-node=\"19,1,0\">\ud83d\udee1\ufe0f Portal de Francia (con su puente levadizo).<\/p><\/li><li><p data-path-to-node=\"19,2,0\">\u26aa Caballo Blanco.<\/p><\/li><li><p data-path-to-node=\"19,3,0\">\ud83d\udcdc Archivo General (Maqueta de las Murallas).<\/p><\/li><li><p data-path-to-node=\"19,4,0\">\ud83d\udeaa Portal de la Rochapea.<\/p><\/li><li><p data-path-to-node=\"19,5,0\">\ud83e\uddf1 Baluartes (Guadalupe y Labrit).<\/p><\/li><li><p data-path-to-node=\"19,6,0\">\ud83d\udd2d Fort\u00edn de San Bartolom\u00e9.<\/p><\/li><li><p data-path-to-node=\"19,7,0\">\ud83c\udf33 La Taconera (final del trayecto).<\/p><\/li><\/ul><hr data-path-to-node=\"20\" \/><p data-path-to-node=\"21\">\u00a1Esperamos que os interese este recorrido por nuestra historia!<\/p>\t\t\t\t\t\t\t\t<\/div>\n\t\t\t\t<\/div>\n\t\t<div class=\"elementor-element elementor-element-2fddabd e-con-full e-flex e-con e-child\" data-id=\"2fddabd\" data-element_type=\"container\" data-settings=\"{&quot;background_background&quot;:&quot;classic&quot;}\">\n\t\t\t\t<div class=\"elementor-element elementor-element-d6a4f7a elementor-widget elementor-widget-image\" data-id=\"d6a4f7a\" data-element_type=\"widget\" data-widget_type=\"image.default\">\n\t\t\t\t\t\t\t\t\t\t\t\t\t\t\t<img fetchpriority=\"high\" decoding=\"async\" width=\"800\" height=\"449\" src=\"https:\/\/jubiladosyjubiladasdezizurmayor.org\/wp-content\/uploads\/2026\/02\/Murallas-2.jpg\" class=\"attachment-large size-large wp-image-1475\" alt=\"\" srcset=\"https:\/\/jubiladosyjubiladasdezizurmayor.org\/wp-content\/uploads\/2026\/02\/Murallas-2.jpg 890w, https:\/\/jubiladosyjubiladasdezizurmayor.org\/wp-content\/uploads\/2026\/02\/Murallas-2-300x169.jpg 300w, https:\/\/jubiladosyjubiladasdezizurmayor.org\/wp-content\/uploads\/2026\/02\/Murallas-2-768x431.jpg 768w\" sizes=\"(max-width: 800px) 100vw, 800px\" \/>\t\t\t\t\t\t\t\t\t\t\t\t\t\t\t<\/div>\n\t\t\t\t<div class=\"elementor-element elementor-element-7ca33b7 elementor-widget elementor-widget-image\" data-id=\"7ca33b7\" data-element_type=\"widget\" data-widget_type=\"image.default\">\n\t\t\t\t\t\t\t\t\t\t\t\t\t\t\t<img decoding=\"async\" width=\"640\" height=\"333\" src=\"https:\/\/jubiladosyjubiladasdezizurmayor.org\/wp-content\/uploads\/2026\/02\/Murallas-1.jpg\" class=\"attachment-large size-large wp-image-1474\" alt=\"\" srcset=\"https:\/\/jubiladosyjubiladasdezizurmayor.org\/wp-content\/uploads\/2026\/02\/Murallas-1.jpg 640w, https:\/\/jubiladosyjubiladasdezizurmayor.org\/wp-content\/uploads\/2026\/02\/Murallas-1-300x156.jpg 300w\" sizes=\"(max-width: 640px) 100vw, 640px\" \/>\t\t\t\t\t\t\t\t\t\t\t\t\t\t\t<\/div>\n\t\t\t\t<div class=\"elementor-element elementor-element-bff1798 elementor-widget elementor-widget-image\" data-id=\"bff1798\" data-element_type=\"widget\" data-widget_type=\"image.default\">\n\t\t\t\t\t\t\t\t\t\t\t\t\t\t\t<img decoding=\"async\" width=\"800\" height=\"450\" src=\"https:\/\/jubiladosyjubiladasdezizurmayor.org\/wp-content\/uploads\/2026\/03\/Caballo-Blanco.webp\" class=\"attachment-large size-large wp-image-1871\" alt=\"\" srcset=\"https:\/\/jubiladosyjubiladasdezizurmayor.org\/wp-content\/uploads\/2026\/03\/Caballo-Blanco.webp 960w, https:\/\/jubiladosyjubiladasdezizurmayor.org\/wp-content\/uploads\/2026\/03\/Caballo-Blanco-300x169.webp 300w, https:\/\/jubiladosyjubiladasdezizurmayor.org\/wp-content\/uploads\/2026\/03\/Caballo-Blanco-768x432.webp 768w\" sizes=\"(max-width: 800px) 100vw, 800px\" \/>\t\t\t\t\t\t\t\t\t\t\t\t\t\t\t<\/div>\n\t\t\t\t<div class=\"elementor-element elementor-element-0578deb elementor-widget elementor-widget-image\" data-id=\"0578deb\" data-element_type=\"widget\" data-widget_type=\"image.default\">\n\t\t\t\t\t\t\t\t\t\t\t\t\t\t\t<img loading=\"lazy\" decoding=\"async\" width=\"800\" height=\"600\" src=\"https:\/\/jubiladosyjubiladasdezizurmayor.org\/wp-content\/uploads\/2026\/03\/o_18vs2l8cuje01hfi144p18lr3nhr.jpg\" class=\"attachment-large size-large wp-image-1875\" alt=\"\" srcset=\"https:\/\/jubiladosyjubiladasdezizurmayor.org\/wp-content\/uploads\/2026\/03\/o_18vs2l8cuje01hfi144p18lr3nhr.jpg 800w, https:\/\/jubiladosyjubiladasdezizurmayor.org\/wp-content\/uploads\/2026\/03\/o_18vs2l8cuje01hfi144p18lr3nhr-300x225.jpg 300w, https:\/\/jubiladosyjubiladasdezizurmayor.org\/wp-content\/uploads\/2026\/03\/o_18vs2l8cuje01hfi144p18lr3nhr-768x576.jpg 768w\" sizes=\"(max-width: 800px) 100vw, 800px\" \/>\t\t\t\t\t\t\t\t\t\t\t\t\t\t\t<\/div>\n\t\t\t\t<\/div>\n\t\t\t\t\t<\/div>\n\t\t\t\t<\/div>\n\t\t<div class=\"elementor-element elementor-element-2246d9b e-flex e-con-boxed e-con e-parent\" data-id=\"2246d9b\" data-element_type=\"container\">\n\t\t\t\t\t<div class=\"e-con-inner\">\n\t\t\t\t<div class=\"elementor-element elementor-element-36f93eb elementor-arrows-position-inside elementor-pagination-position-outside elementor-widget elementor-widget-image-carousel\" data-id=\"36f93eb\" data-element_type=\"widget\" data-settings=\"{&quot;autoplay_speed&quot;:3000,&quot;image_spacing_custom&quot;:{&quot;unit&quot;:&quot;px&quot;,&quot;size&quot;:15,&quot;sizes&quot;:[]},&quot;navigation&quot;:&quot;both&quot;,&quot;autoplay&quot;:&quot;yes&quot;,&quot;pause_on_hover&quot;:&quot;yes&quot;,&quot;pause_on_interaction&quot;:&quot;yes&quot;,&quot;infinite&quot;:&quot;yes&quot;,&quot;speed&quot;:500,&quot;image_spacing_custom_tablet&quot;:{&quot;unit&quot;:&quot;px&quot;,&quot;size&quot;:&quot;&quot;,&quot;sizes&quot;:[]},&quot;image_spacing_custom_mobile&quot;:{&quot;unit&quot;:&quot;px&quot;,&quot;size&quot;:&quot;&quot;,&quot;sizes&quot;:[]}}\" data-widget_type=\"image-carousel.default\">\n\t\t\t\t\t\t\t<div class=\"elementor-image-carousel-wrapper swiper\" role=\"region\" aria-roledescription=\"carousel\" aria-label=\"Carrusel de im\u00e1genes\" dir=\"ltr\">\n\t\t\t<div class=\"elementor-image-carousel swiper-wrapper swiper-image-stretch\" aria-live=\"off\">\n\t\t\t\t\t\t\t\t<div class=\"swiper-slide\" role=\"group\" aria-roledescription=\"slide\" aria-label=\"1 de 6\"><figure class=\"swiper-slide-inner\"><img decoding=\"async\" class=\"swiper-slide-image\" src=\"https:\/\/jubiladosyjubiladasdezizurmayor.org\/wp-content\/uploads\/elementor\/thumbs\/fortin-san-bartolome-despues-riwna1rcr5nfrretognm7iww1urxq993auz3k6qqpk.jpg\" alt=\"fortin-san-bartolome-despues\" \/><\/figure><\/div><div class=\"swiper-slide\" role=\"group\" aria-roledescription=\"slide\" aria-label=\"2 de 6\"><figure class=\"swiper-slide-inner\"><img decoding=\"async\" class=\"swiper-slide-image\" src=\"https:\/\/jubiladosyjubiladasdezizurmayor.org\/wp-content\/uploads\/elementor\/thumbs\/Portal_Francia-1-riwna2p6xzoq3ddgiz28s0ocn8naxyctmzml1gpcjc.png\" alt=\"Portal_Francia-1\" \/><\/figure><\/div><div class=\"swiper-slide\" role=\"group\" aria-roledescription=\"slide\" aria-label=\"3 de 6\"><figure class=\"swiper-slide-inner\"><img decoding=\"async\" class=\"swiper-slide-image\" src=\"https:\/\/jubiladosyjubiladasdezizurmayor.org\/wp-content\/uploads\/elementor\/thumbs\/Portal-de-la-Rochapea-riwna3n14tq0ezc3dhgvcift8mio5ngjz4a2iqnyd4.jpg\" alt=\"Portal de la Rochapea\" \/><\/figure><\/div><div class=\"swiper-slide\" role=\"group\" aria-roledescription=\"slide\" aria-label=\"4 de 6\"><figure class=\"swiper-slide-inner\"><img decoding=\"async\" class=\"swiper-slide-image\" src=\"https:\/\/jubiladosyjubiladasdezizurmayor.org\/wp-content\/uploads\/elementor\/thumbs\/Caballo-Blanco-riwna3n14tq0ezc3dhgvcift8mio5ngjz4a2iqnyd4.jpg\" alt=\"Caballo Blanco\" \/><\/figure><\/div><div class=\"swiper-slide\" role=\"group\" aria-roledescription=\"slide\" aria-label=\"5 de 6\"><figure class=\"swiper-slide-inner\"><img decoding=\"async\" class=\"swiper-slide-image\" src=\"https:\/\/jubiladosyjubiladasdezizurmayor.org\/wp-content\/uploads\/elementor\/thumbs\/Portal-de-Francia-riwna4kvbnraqlaq7zvhx079u0e1dckab8xk00mk6w.jpeg\" alt=\"Portal de Francia\" \/><\/figure><\/div><div class=\"swiper-slide\" role=\"group\" aria-roledescription=\"slide\" aria-label=\"6 de 6\"><figure class=\"swiper-slide-inner\"><img decoding=\"async\" class=\"swiper-slide-image\" src=\"https:\/\/jubiladosyjubiladasdezizurmayor.org\/wp-content\/uploads\/elementor\/thumbs\/Puente_de_la_Magdalena_Pamplona_02-riwna5ipihsl279d2ia4hhyqfe9el1o0ndl1hal60o.jpg\" alt=\"Puente_de_la_Magdalena_Pamplona_02\" \/><\/figure><\/div>\t\t\t<\/div>\n\t\t\t\t\t\t\t\t\t\t\t\t<div class=\"elementor-swiper-button elementor-swiper-button-prev\" role=\"button\" tabindex=\"0\">\n\t\t\t\t\t\t<svg aria-hidden=\"true\" class=\"e-font-icon-svg e-eicon-chevron-left\" viewBox=\"0 0 1000 1000\" xmlns=\"http:\/\/www.w3.org\/2000\/svg\"><path d=\"M646 125C629 125 613 133 604 142L308 442C296 454 292 471 292 487 292 504 296 521 308 533L604 854C617 867 629 875 646 875 663 875 679 871 692 858 704 846 713 829 713 812 713 796 708 779 692 767L438 487 692 225C700 217 708 204 708 187 708 171 704 154 692 142 675 129 663 125 646 125Z\"><\/path><\/svg>\t\t\t\t\t<\/div>\n\t\t\t\t\t<div class=\"elementor-swiper-button elementor-swiper-button-next\" role=\"button\" tabindex=\"0\">\n\t\t\t\t\t\t<svg aria-hidden=\"true\" class=\"e-font-icon-svg e-eicon-chevron-right\" viewBox=\"0 0 1000 1000\" xmlns=\"http:\/\/www.w3.org\/2000\/svg\"><path d=\"M696 533C708 521 713 504 713 487 713 471 708 454 696 446L400 146C388 133 375 125 354 125 338 125 325 129 313 142 300 154 292 171 292 187 292 204 296 221 308 233L563 492 304 771C292 783 288 800 288 817 288 833 296 850 308 863 321 871 338 875 354 875 371 875 388 867 400 854L696 533Z\"><\/path><\/svg>\t\t\t\t\t<\/div>\n\t\t\t\t\n\t\t\t\t\t\t\t\t\t<div class=\"swiper-pagination\"><\/div>\n\t\t\t\t\t\t\t\t\t<\/div>\n\t\t\t\t\t\t<\/div>\n\t\t\t\t\t<\/div>\n\t\t\t\t<\/div>\n\t\t<div class=\"elementor-element elementor-element-926e80f e-flex e-con-boxed e-con e-parent\" data-id=\"926e80f\" data-element_type=\"container\">\n\t\t\t\t\t<div class=\"e-con-inner\">\n\t\t\t\t<div class=\"elementor-element elementor-element-583010af elementor-widget elementor-widget-html\" data-id=\"583010af\" data-element_type=\"widget\" data-widget_type=\"html.default\">\n\t\t\t\t\t<style>\r\n.entry-title, .page-title { display: none !important; }\r\n<\/style>\t\t\t\t<\/div>\n\t\t\t\t\t<\/div>\n\t\t\t\t<\/div>\n\t\t\t\t<\/div>\n\t\t","protected":false},"excerpt":{"rendered":"<p>VISITAS GUIADAS 2026 Murallas de Pamplona. \ud83c\udff0 VISITA GUIADA: \u00abPamplona y sus Murallas\u00bb \u00a1Hola a todos y todas! \ud83d\udc4b Os presentamos una de las actividades m\u00e1s especiales de este trimestre para el pr\u00f3ximo 25 y 26 de Marzo. Realizaremos una visita con una gu\u00eda oficial que nos conducir\u00e1 por el conjunto fortificado de nuestra ciudad. [&hellip;]<\/p>\n","protected":false},"author":1,"featured_media":0,"parent":0,"menu_order":0,"comment_status":"closed","ping_status":"closed","template":"","meta":{"footnotes":""},"class_list":["post-1112","page","type-page","status-publish","hentry"],"_links":{"self":[{"href":"https:\/\/jubiladosyjubiladasdezizurmayor.org\/index.php?rest_route=\/wp\/v2\/pages\/1112","targetHints":{"allow":["GET"]}}],"collection":[{"href":"https:\/\/jubiladosyjubiladasdezizurmayor.org\/index.php?rest_route=\/wp\/v2\/pages"}],"about":[{"href":"https:\/\/jubiladosyjubiladasdezizurmayor.org\/index.php?rest_route=\/wp\/v2\/types\/page"}],"author":[{"embeddable":true,"href":"https:\/\/jubiladosyjubiladasdezizurmayor.org\/index.php?rest_route=\/wp\/v2\/users\/1"}],"replies":[{"embeddable":true,"href":"https:\/\/jubiladosyjubiladasdezizurmayor.org\/index.php?rest_route=%2Fwp%2Fv2%2Fcomments&post=1112"}],"version-history":[{"count":30,"href":"https:\/\/jubiladosyjubiladasdezizurmayor.org\/index.php?rest_route=\/wp\/v2\/pages\/1112\/revisions"}],"predecessor-version":[{"id":2080,"href":"https:\/\/jubiladosyjubiladasdezizurmayor.org\/index.php?rest_route=\/wp\/v2\/pages\/1112\/revisions\/2080"}],"wp:attachment":[{"href":"https:\/\/jubiladosyjubiladasdezizurmayor.org\/index.php?rest_route=%2Fwp%2Fv2%2Fmedia&parent=1112"}],"curies":[{"name":"wp","href":"https:\/\/api.w.org\/{rel}","templated":true}]}}